{"id":3053,"date":"2024-08-06T15:48:59","date_gmt":"2024-08-06T13:48:59","guid":{"rendered":"https:\/\/got-hrs.lu\/cookie-richtlinie\/"},"modified":"2024-10-08T15:51:18","modified_gmt":"2024-10-08T13:51:18","slug":"cookie-richtlinie","status":"publish","type":"page","link":"https:\/\/got-hrs.lu\/de\/cookie-richtlinie\/","title":{"rendered":"Cookie-Richtlinie"},"content":{"rendered":"\t\t<div data-elementor-type=\"wp-page\" data-elementor-id=\"3053\" class=\"elementor elementor-3053 elementor-390\" data-elementor-post-type=\"page\">\n\t\t\t\t\t\t<section class=\"elementor-section elementor-top-section elementor-element elementor-element-9837b88 elementor-section-boxed elementor-section-height-default elementor-section-height-default\" data-id=\"9837b88\" data-element_type=\"section\">\n\t\t\t\t\t\t<div class=\"elementor-container elementor-column-gap-default\">\n\t\t\t\t\t<div class=\"elementor-column elementor-col-100 elementor-top-column elementor-element elementor-element-ca94372\" data-id=\"ca94372\" data-element_type=\"column\">\n\t\t\t<div class=\"elementor-widget-wrap elementor-element-populated\">\n\t\t\t\t\t\t<div class=\"elementor-element elementor-element-42b8ee2 elementor-widget elementor-widget-text-editor\" data-id=\"42b8ee2\" data-element_type=\"widget\" data-widget_type=\"text-editor.default\">\n\t\t\t\t<div class=\"elementor-widget-container\">\n\t\t\t\t\t\t\t<div class=\"elementor elementor-2222\" data-elementor-type=\"wp-page\" data-elementor-id=\"2222\">\n<div class=\"elementor-inner\">\n<div class=\"elementor-section-wrap\">\n<section class=\"elementor-section elementor-top-section elementor-element elementor-element-09d15e2 elementor-section-boxed elementor-section-height-default elementor-section-height-default\" data-id=\"09d15e2\" data-element_type=\"section\">\n<div class=\"elementor-container elementor-column-gap-default\">\n<div class=\"elementor-row\">\n<div class=\"elementor-column elementor-col-100 elementor-top-column elementor-element elementor-element-b3bab05\" data-id=\"b3bab05\" data-element_type=\"column\">\n<div class=\"elementor-column-wrap elementor-element-populated\">\n<div class=\"elementor-widget-wrap\">\n<div class=\"elementor-element elementor-element-947aacf elementor-widget elementor-widget-heading\" data-id=\"947aacf\" data-element_type=\"widget\" data-widget_type=\"heading.default\">\n<div class=\"elementor-widget-container\">\n<h1 class=\"elementor-heading-title elementor-size-default\">Cookie-Richtlinie &#8211; GOT-HRS<\/h1>\n<\/div>\n<\/div>\n<\/div>\n<\/div>\n<\/div>\n<\/div>\n<\/div>\n<\/section>\n<section class=\"elementor-section elementor-top-section elementor-element elementor-element-482ad655 elementor-section-boxed elementor-section-height-default elementor-section-height-default\" data-id=\"482ad655\" data-element_type=\"section\">\n<div class=\"elementor-container elementor-column-gap-default\">\n<div class=\"elementor-row\">\n<div class=\"elementor-column elementor-col-100 elementor-top-column elementor-element elementor-element-5fb57f45\" data-id=\"5fb57f45\" data-element_type=\"column\">\n<div class=\"elementor-column-wrap elementor-element-populated\">\n<div class=\"elementor-widget-wrap\">\n<div class=\"elementor-element elementor-element-f36b613 elementor-widget elementor-widget-text-editor\" data-id=\"f36b613\" data-element_type=\"widget\" data-widget_type=\"text-editor.default\">\n<div class=\"elementor-widget-container\">\n<div class=\"elementor-text-editor elementor-clearfix\">\n<div class=\"cli_pg_page_contaner\">\n<div>Diese Cookie-Richtlinie erkl\u00e4rt, was Cookies sind und wie wir sie verwenden, welche Arten von Cookies wir verwenden, d. h. welche Informationen wir mithilfe von Cookies sammeln und wie diese Informationen verwendet werden, und wie Sie die Cookie-Einstellungen kontrollieren k\u00f6nnen. Weitere Informationen dar\u00fcber, wie wir Ihre personenbezogenen Daten verwenden, speichern und sch\u00fctzen, finden Sie in unserer Datenschutzrichtlinie. Sie k\u00f6nnen Ihre Zustimmung zur Cookie-Erkl\u00e4rung auf unserer Website jederzeit \u00e4ndern oder widerrufen. Weitere Informationen dar\u00fcber, wer wir sind, wie Sie uns kontaktieren k\u00f6nnen und wie wir personenbezogene Daten verarbeiten, finden Sie in unserer Datenschutzrichtlinie. Ihre Zustimmung gilt f\u00fcr die folgende Dom\u00e4ne: <span data-contrast=\"auto\"><a href=\"https:\/\/www.got-hrs.lu\/\" target=\"_blank\" rel=\"noopener\">got-hrs.lu<\/a><\/span>    <\/div>\n<h3> <\/h3>\n<h3><strong>Was sind Cookies?<\/strong><\/h3>\n<div>Cookies sind kleine Textdateien, die dazu dienen, kleine Informationen zu speichern. Sie werden auf Ihrem Ger\u00e4t gespeichert, wenn die Website in Ihrem Browser geladen wird. Diese Cookies helfen uns, die Website ordnungsgem\u00e4\u00df zu betreiben, sie sicherer zu machen, dem Nutzer eine bessere Erfahrung zu bieten, die Leistung der Website zu verstehen und zu analysieren, was funktioniert und was verbessert werden muss.  <\/div>\n<h3> <\/h3>\n<h3><strong>Wie verwenden wir Cookies?<\/strong><\/h3>\n<div>Wie die meisten Online-Dienste verwendet auch unsere Website Erstanbieter- und Drittanbieter-Cookies f\u00fcr verschiedene Zwecke. Erstanbieter-Cookies sind haupts\u00e4chlich f\u00fcr das Funktionieren der Website erforderlich und erfassen keine Ihrer pers\u00f6nlich identifizierbaren Daten. Die auf unserer Website verwendeten Drittanbieter-Cookies dienen in erster Linie dazu, zu verstehen, wie die Website funktioniert, wie Sie mit unserer Website interagieren, die Sicherheit unserer Dienste zu gew\u00e4hrleisten, Werbung zu liefern, die f\u00fcr Sie relevant ist, und insgesamt dazu, Ihnen eine bessere und verbesserte Nutzererfahrung zu bieten und Ihre zuk\u00fcnftigen Interaktionen mit unserer Website zu beschleunigen.  <\/div>\n<h3> <\/h3>\n<h3><strong>Welche Arten von Cookies verwenden wir?<\/strong><\/h3>\n<div><strong>Essentiell:<\/strong> Einige Cookies sind essentiell, damit Sie alle Funktionen unserer Website nutzen k\u00f6nnen. Sie erm\u00f6glichen es uns, Nutzersitzungen aufrechtzuerhalten und Sicherheitsbedrohungen zu verhindern. Sie sammeln oder speichern keine pers\u00f6nlichen Informationen. Beispielsweise erm\u00f6glichen Ihnen diese Cookies, sich in Ihr Konto einzuloggen, Produkte in Ihren Warenkorb zu legen und sicher zur Kasse zu gelangen.   <\/div>\n<div> <\/div>\n<div><strong>Statistiken:<\/strong> Diese Cookies speichern Informationen wie die Anzahl der Besucher der Website, die Anzahl der eindeutigen Besucher, welche Seiten der Website besucht wurden, die Quelle des Besuchs usw. Diese Daten helfen uns dabei, die Leistung der Website zu verstehen und zu analysieren und festzustellen, wo wir Verbesserungen vornehmen k\u00f6nnen. <\/div>\n<div> <\/div>\n<div><strong>Marketing:<\/strong> Auf unserer Website werden Werbeanzeigen eingeblendet. Diese Cookies werden verwendet, um die Werbung, die wir Ihnen zeigen, so anzupassen, dass sie f\u00fcr Sie bedeutsam ist. Diese Cookies helfen uns auch dabei, die Wirksamkeit dieser Werbekampagnen zu verfolgen. Die in diesen Cookies gespeicherten Informationen k\u00f6nnen auch von Drittanbietern von Werbung genutzt werden, um Ihnen Werbung auf anderen Webseiten im Browser anzuzeigen.   <\/div>\n<div> <\/div>\n<div><strong>Funktionalit\u00e4t:<\/strong> Dies sind Cookies, die es erm\u00f6glichen, bestimmte nicht wesentliche Funktionen unserer Website zu nutzen. Zu diesen Funktionen geh\u00f6ren das Einbetten von Inhalten wie Videos oder das Teilen von Inhalten der Website auf Plattformen sozialer Medien. <\/div>\n<div> <\/div>\n<div><strong>Pr\u00e4ferenzen:<\/strong> Diese Cookies helfen uns dabei, Ihre Einstellungen und Browserpr\u00e4ferenzen, wie z. B. die Sprache, zu speichern, damit Sie bei Ihren n\u00e4chsten Besuchen auf der Website eine bessere Erfahrung machen k\u00f6nnen.<\/div>\n<\/div>\n<\/div>\n<\/div>\n<\/div>\n<\/div>\n<\/div>\n<\/div>\n<\/div>\n<\/div>\n<\/section>\n<\/div>\n<\/div>\n<\/div>\n<div class=\"elementor elementor-118 elementor-location-footer\" data-elementor-type=\"footer\" data-elementor-id=\"118\">\n<div class=\"elementor-section-wrap\">\n<section class=\"elementor-section elementor-top-section elementor-element elementor-element-5e617d3 elementor-section-boxed elementor-section-height-default elementor-section-height-default\" data-id=\"5e617d3\" data-element_type=\"section\" data-settings=\"{\"background_background\":\"classic\",\"shape_divider_bottom\":\"waves\"}\">\n<div class=\"elementor-shape elementor-shape-bottom\" data-negative=\"false\"> <\/div>\n<div class=\"elementor-container elementor-column-gap-default\">\n<div class=\"elementor-row\">\n<div class=\"elementor-column elementor-col-100 elementor-top-column elementor-element elementor-element-233c662\" data-id=\"233c662\" data-element_type=\"column\">\n<div class=\"elementor-column-wrap elementor-element-populated\">\n<div class=\"elementor-widget-wrap\">\n<div class=\"elementor-element elementor-element-14d7d6b elementor-widget elementor-widget-spacer\" data-id=\"14d7d6b\" data-element_type=\"widget\" data-widget_type=\"spacer.default\">\n<div class=\"elementor-widget-container\">\n<div class=\"elementor-spacer\"> <\/div>\n<\/div>\n<\/div>\n<\/div>\n<\/div>\n<\/div>\n<\/div>\n<\/div>\n<\/section>\n<\/div>\n<\/div>\n\t\t\t\t\t\t<\/div>\n\t\t\t\t<\/div>\n\t\t\t\t\t<\/div>\n\t\t<\/div>\n\t\t\t\t\t<\/div>\n\t\t<\/section>\n\t\t\t\t<\/div>\n\t\t","protected":false},"excerpt":{"rendered":"<p>Cookie-Richtlinie &#8211; GOT-HRS Diese Cookie-Richtlinie erkl\u00e4rt, was Cookies sind und wie wir sie verwenden, welche Arten von Cookies wir verwenden, d. h. welche Informationen wir mithilfe von Cookies sammeln und wie diese Informationen verwendet werden, und wie Sie die Cookie-Einstellungen kontrollieren k\u00f6nnen. Weitere Informationen dar\u00fcber, wie wir Ihre personenbezogenen Daten verwenden, speichern und sch\u00fctzen, finden [&hellip;]<\/p>\n","protected":false},"author":1,"featured_media":0,"parent":0,"menu_order":0,"comment_status":"closed","ping_status":"closed","template":"elementor_header_footer","meta":{"footnotes":""},"class_list":["post-3053","page","type-page","status-publish","hentry"],"yoast_head":"<!-- This site is optimized with the Yoast SEO plugin v23.6 - https:\/\/yoast.com\/wordpress\/plugins\/seo\/ -->\n<title>Cookie-Richtlinie - Groupe d&#039;Orthopedie Traumatologie<\/title>\n<meta name=\"robots\" content=\"index, follow, max-snippet:-1, max-image-preview:large, max-video-preview:-1\" \/>\n<link rel=\"canonical\" href=\"https:\/\/got-hrs.lu\/de\/cookie-richtlinie\/\" \/>\n<meta property=\"og:locale\" content=\"de_DE\" \/>\n<meta property=\"og:type\" content=\"article\" \/>\n<meta property=\"og:title\" content=\"Cookie-Richtlinie - Groupe d&#039;Orthopedie Traumatologie\" \/>\n<meta property=\"og:description\" content=\"Cookie-Richtlinie &#8211; GOT-HRS Diese Cookie-Richtlinie erkl\u00e4rt, was Cookies sind und wie wir sie verwenden, welche Arten von Cookies wir verwenden, d. h. welche Informationen wir mithilfe von Cookies sammeln und wie diese Informationen verwendet werden, und wie Sie die Cookie-Einstellungen kontrollieren k\u00f6nnen. Weitere Informationen dar\u00fcber, wie wir Ihre personenbezogenen Daten verwenden, speichern und sch\u00fctzen, finden [&hellip;]\" \/>\n<meta property=\"og:url\" content=\"https:\/\/got-hrs.lu\/de\/cookie-richtlinie\/\" \/>\n<meta property=\"og:site_name\" content=\"Groupe d&#039;Orthopedie Traumatologie\" \/>\n<meta property=\"article:modified_time\" content=\"2024-10-08T13:51:18+00:00\" \/>\n<meta name=\"twitter:card\" content=\"summary_large_image\" \/>\n<meta name=\"twitter:label1\" content=\"Gesch\u00e4tzte Lesezeit\" \/>\n\t<meta name=\"twitter:data1\" content=\"3\u00a0Minuten\" \/>\n<script type=\"application\/ld+json\" class=\"yoast-schema-graph\">{\"@context\":\"https:\/\/schema.org\",\"@graph\":[{\"@type\":\"WebPage\",\"@id\":\"https:\/\/got-hrs.lu\/de\/cookie-richtlinie\/\",\"url\":\"https:\/\/got-hrs.lu\/de\/cookie-richtlinie\/\",\"name\":\"Cookie-Richtlinie - Groupe d&#039;Orthopedie Traumatologie\",\"isPartOf\":{\"@id\":\"https:\/\/got-hrs.lu\/de\/#website\"},\"datePublished\":\"2024-08-06T13:48:59+00:00\",\"dateModified\":\"2024-10-08T13:51:18+00:00\",\"breadcrumb\":{\"@id\":\"https:\/\/got-hrs.lu\/de\/cookie-richtlinie\/#breadcrumb\"},\"inLanguage\":\"de\",\"potentialAction\":[{\"@type\":\"ReadAction\",\"target\":[\"https:\/\/got-hrs.lu\/de\/cookie-richtlinie\/\"]}]},{\"@type\":\"BreadcrumbList\",\"@id\":\"https:\/\/got-hrs.lu\/de\/cookie-richtlinie\/#breadcrumb\",\"itemListElement\":[{\"@type\":\"ListItem\",\"position\":1,\"name\":\"Accueil\",\"item\":\"https:\/\/got-hrs.lu\/de\/\"},{\"@type\":\"ListItem\",\"position\":2,\"name\":\"Cookie-Richtlinie\"}]},{\"@type\":\"WebSite\",\"@id\":\"https:\/\/got-hrs.lu\/de\/#website\",\"url\":\"https:\/\/got-hrs.lu\/de\/\",\"name\":\"Groupe d'Orthopedie Traumatologie\",\"description\":\"\",\"publisher\":{\"@id\":\"https:\/\/got-hrs.lu\/de\/#organization\"},\"potentialAction\":[{\"@type\":\"SearchAction\",\"target\":{\"@type\":\"EntryPoint\",\"urlTemplate\":\"https:\/\/got-hrs.lu\/de\/?s={search_term_string}\"},\"query-input\":{\"@type\":\"PropertyValueSpecification\",\"valueRequired\":true,\"valueName\":\"search_term_string\"}}],\"inLanguage\":\"de\"},{\"@type\":\"Organization\",\"@id\":\"https:\/\/got-hrs.lu\/de\/#organization\",\"name\":\"Groupe d'Orthopedie Traumatologie\",\"url\":\"https:\/\/got-hrs.lu\/de\/\",\"logo\":{\"@type\":\"ImageObject\",\"inLanguage\":\"de\",\"@id\":\"https:\/\/got-hrs.lu\/de\/#\/schema\/logo\/image\/\",\"url\":\"https:\/\/got-hrs.lu\/wp-content\/uploads\/2024\/07\/Groupe-Orthopedique-Traumatologique-Hopitaux-Robert-Schuman-logo.svg\",\"contentUrl\":\"https:\/\/got-hrs.lu\/wp-content\/uploads\/2024\/07\/Groupe-Orthopedique-Traumatologique-Hopitaux-Robert-Schuman-logo.svg\",\"width\":869,\"height\":560,\"caption\":\"Groupe d'Orthopedie Traumatologie\"},\"image\":{\"@id\":\"https:\/\/got-hrs.lu\/de\/#\/schema\/logo\/image\/\"}}]}<\/script>\n<!-- \/ Yoast SEO plugin. -->","yoast_head_json":{"title":"Cookie-Richtlinie - Groupe d&#039;Orthopedie Traumatologie","robots":{"index":"index","follow":"follow","max-snippet":"max-snippet:-1","max-image-preview":"max-image-preview:large","max-video-preview":"max-video-preview:-1"},"canonical":"https:\/\/got-hrs.lu\/de\/cookie-richtlinie\/","og_locale":"de_DE","og_type":"article","og_title":"Cookie-Richtlinie - Groupe d&#039;Orthopedie Traumatologie","og_description":"Cookie-Richtlinie &#8211; GOT-HRS Diese Cookie-Richtlinie erkl\u00e4rt, was Cookies sind und wie wir sie verwenden, welche Arten von Cookies wir verwenden, d. h. welche Informationen wir mithilfe von Cookies sammeln und wie diese Informationen verwendet werden, und wie Sie die Cookie-Einstellungen kontrollieren k\u00f6nnen. Weitere Informationen dar\u00fcber, wie wir Ihre personenbezogenen Daten verwenden, speichern und sch\u00fctzen, finden [&hellip;]","og_url":"https:\/\/got-hrs.lu\/de\/cookie-richtlinie\/","og_site_name":"Groupe d&#039;Orthopedie Traumatologie","article_modified_time":"2024-10-08T13:51:18+00:00","twitter_card":"summary_large_image","twitter_misc":{"Gesch\u00e4tzte Lesezeit":"3\u00a0Minuten"},"schema":{"@context":"https:\/\/schema.org","@graph":[{"@type":"WebPage","@id":"https:\/\/got-hrs.lu\/de\/cookie-richtlinie\/","url":"https:\/\/got-hrs.lu\/de\/cookie-richtlinie\/","name":"Cookie-Richtlinie - Groupe d&#039;Orthopedie Traumatologie","isPartOf":{"@id":"https:\/\/got-hrs.lu\/de\/#website"},"datePublished":"2024-08-06T13:48:59+00:00","dateModified":"2024-10-08T13:51:18+00:00","breadcrumb":{"@id":"https:\/\/got-hrs.lu\/de\/cookie-richtlinie\/#breadcrumb"},"inLanguage":"de","potentialAction":[{"@type":"ReadAction","target":["https:\/\/got-hrs.lu\/de\/cookie-richtlinie\/"]}]},{"@type":"BreadcrumbList","@id":"https:\/\/got-hrs.lu\/de\/cookie-richtlinie\/#breadcrumb","itemListElement":[{"@type":"ListItem","position":1,"name":"Accueil","item":"https:\/\/got-hrs.lu\/de\/"},{"@type":"ListItem","position":2,"name":"Cookie-Richtlinie"}]},{"@type":"WebSite","@id":"https:\/\/got-hrs.lu\/de\/#website","url":"https:\/\/got-hrs.lu\/de\/","name":"Groupe d'Orthopedie Traumatologie","description":"","publisher":{"@id":"https:\/\/got-hrs.lu\/de\/#organization"},"potentialAction":[{"@type":"SearchAction","target":{"@type":"EntryPoint","urlTemplate":"https:\/\/got-hrs.lu\/de\/?s={search_term_string}"},"query-input":{"@type":"PropertyValueSpecification","valueRequired":true,"valueName":"search_term_string"}}],"inLanguage":"de"},{"@type":"Organization","@id":"https:\/\/got-hrs.lu\/de\/#organization","name":"Groupe d'Orthopedie Traumatologie","url":"https:\/\/got-hrs.lu\/de\/","logo":{"@type":"ImageObject","inLanguage":"de","@id":"https:\/\/got-hrs.lu\/de\/#\/schema\/logo\/image\/","url":"https:\/\/got-hrs.lu\/wp-content\/uploads\/2024\/07\/Groupe-Orthopedique-Traumatologique-Hopitaux-Robert-Schuman-logo.svg","contentUrl":"https:\/\/got-hrs.lu\/wp-content\/uploads\/2024\/07\/Groupe-Orthopedique-Traumatologique-Hopitaux-Robert-Schuman-logo.svg","width":869,"height":560,"caption":"Groupe d'Orthopedie Traumatologie"},"image":{"@id":"https:\/\/got-hrs.lu\/de\/#\/schema\/logo\/image\/"}}]}},"_links":{"self":[{"href":"https:\/\/got-hrs.lu\/de\/wp-json\/wp\/v2\/pages\/3053"}],"collection":[{"href":"https:\/\/got-hrs.lu\/de\/wp-json\/wp\/v2\/pages"}],"about":[{"href":"https:\/\/got-hrs.lu\/de\/wp-json\/wp\/v2\/types\/page"}],"author":[{"embeddable":true,"href":"https:\/\/got-hrs.lu\/de\/wp-json\/wp\/v2\/users\/1"}],"replies":[{"embeddable":true,"href":"https:\/\/got-hrs.lu\/de\/wp-json\/wp\/v2\/comments?post=3053"}],"version-history":[{"count":1,"href":"https:\/\/got-hrs.lu\/de\/wp-json\/wp\/v2\/pages\/3053\/revisions"}],"predecessor-version":[{"id":3054,"href":"https:\/\/got-hrs.lu\/de\/wp-json\/wp\/v2\/pages\/3053\/revisions\/3054"}],"wp:attachment":[{"href":"https:\/\/got-hrs.lu\/de\/wp-json\/wp\/v2\/media?parent=3053"}],"curies":[{"name":"wp","href":"https:\/\/api.w.org\/{rel}","templated":true}]}}